{"id":2528,"date":"2019-09-03T02:52:01","date_gmt":"2019-09-03T02:52:01","guid":{"rendered":"http:\/\/themes.themegoods.com\/coursector\/?page_id=2528"},"modified":"2025-09-30T00:44:40","modified_gmt":"2025-09-30T00:44:40","slug":"contact","status":"publish","type":"page","link":"https:\/\/scoala.mxi.ro\/index.php\/contact\/","title":{"rendered":"Contact"},"content":{"rendered":"\t\t<div data-elementor-type=\"wp-post\" data-elementor-id=\"2528\" class=\"elementor elementor-2528\" data-elementor-post-type=\"page\">\n\t\t\t\t\t\t<section class=\"elementor-section elementor-top-section elementor-element elementor-element-1cd9c6c elementor-section-stretched elementor-section-boxed elementor-section-height-default elementor-section-height-default\" data-id=\"1cd9c6c\" data-element_type=\"section\" data-settings=\"{&quot;stretch_section&quot;:&quot;section-stretched&quot;,&quot;background_background&quot;:&quot;classic&quot;}\">\n\t\t\t\t\t\t\t<div class=\"elementor-background-overlay\"><\/div>\n\t\t\t\t\t\t\t<div class=\"elementor-container elementor-column-gap-default\">\n\t\t\t\t\t<div class=\"elementor-column elementor-col-100 elementor-top-column elementor-element elementor-element-da06e2c\" data-id=\"da06e2c\" data-element_type=\"column\" data-settings=\"{&quot;coursector_ext_hide_logged_in&quot;:&quot;false&quot;}\">\n\t\t\t<div class=\"elementor-widget-wrap elementor-element-populated\">\n\t\t\t\t\t\t<section class=\"elementor-section elementor-inner-section elementor-element elementor-element-fdb6c07 elementor-section-boxed elementor-section-height-default elementor-section-height-default\" data-id=\"fdb6c07\" data-element_type=\"section\">\n\t\t\t\t\t\t<div class=\"elementor-container elementor-column-gap-default\">\n\t\t\t\t\t<div class=\"elementor-column elementor-col-100 elementor-inner-column elementor-element elementor-element-ee39af9\" data-id=\"ee39af9\" data-element_type=\"column\" data-settings=\"{&quot;coursector_ext_hide_logged_in&quot;:&quot;false&quot;}\">\n\t\t\t<div class=\"elementor-widget-wrap elementor-element-populated\">\n\t\t\t\t\t\t<div class=\"elementor-element elementor-element-2fcccc7 elementor-widget elementor-widget-heading\" data-id=\"2fcccc7\" data-element_type=\"widget\" data-settings=\"{&quot;coursector_ext_hide_logged_in&quot;:&quot;false&quot;}\" data-widget_type=\"heading.default\">\n\t\t\t\t\t<h1 class=\"elementor-heading-title elementor-size-default\">Suntem aici pentru tine<\/h1>\t\t\t\t<\/div>\n\t\t\t\t<div class=\"elementor-element elementor-element-8525a88 elementor-widget elementor-widget-heading\" data-id=\"8525a88\" data-element_type=\"widget\" data-settings=\"{&quot;coursector_ext_hide_logged_in&quot;:&quot;false&quot;}\" data-widget_type=\"heading.default\">\n\t\t\t\t\t<span class=\"elementor-heading-title elementor-size-default\">De la \u00eenscriere \u0219i p\u00e2n\u0103 la absolvire, aici g\u0103si\u021bi suport pentru fiecare pas! <\/span>\t\t\t\t<\/div>\n\t\t\t\t<div class=\"elementor-element elementor-element-6d99a5c elementor-widget elementor-widget-spacer\" data-id=\"6d99a5c\" data-element_type=\"widget\" data-settings=\"{&quot;coursector_ext_hide_logged_in&quot;:&quot;false&quot;}\" data-widget_type=\"spacer.default\">\n\t\t\t\t\t\t\t<div class=\"elementor-spacer\">\n\t\t\t<div class=\"elementor-spacer-inner\"><\/div>\n\t\t<\/div>\n\t\t\t\t\t\t<\/div>\n\t\t\t\t\t<\/div>\n\t\t<\/div>\n\t\t\t\t\t<\/div>\n\t\t<\/section>\n\t\t\t\t<section class=\"elementor-section elementor-inner-section elementor-element elementor-element-34a865c elementor-section-boxed elementor-section-height-default elementor-section-height-default\" data-id=\"34a865c\" data-element_type=\"section\">\n\t\t\t\t\t\t<div class=\"elementor-container elementor-column-gap-default\">\n\t\t\t\t\t<div class=\"elementor-column elementor-col-50 elementor-inner-column elementor-element elementor-element-e37467d\" data-id=\"e37467d\" data-element_type=\"column\" data-settings=\"{&quot;coursector_ext_hide_logged_in&quot;:&quot;false&quot;}\">\n\t\t\t<div class=\"elementor-widget-wrap elementor-element-populated\">\n\t\t\t\t\t\t<div class=\"elementor-element elementor-element-bffd2be elementor-widget elementor-widget-shortcode\" data-id=\"bffd2be\" data-element_type=\"widget\" data-settings=\"{&quot;coursector_ext_hide_logged_in&quot;:&quot;false&quot;}\" data-widget_type=\"shortcode.default\">\n\t\t\t\t\t\t\t<div class=\"elementor-shortcode\">\n<div class=\"wpcf7 no-js\" id=\"wpcf7-f9-o1\" lang=\"ro-RO\" dir=\"ltr\" data-wpcf7-id=\"9\">\n<div class=\"screen-reader-response\"><p role=\"status\" aria-live=\"polite\" aria-atomic=\"true\"><\/p> <ul><\/ul><\/div>\n<form action=\"\/index.php\/wp-json\/wp\/v2\/pages\/2528#wpcf7-f9-o1\" method=\"post\" class=\"wpcf7-form init\" aria-label=\"Formular de contact\" novalidate=\"novalidate\" data-status=\"init\">\n<fieldset class=\"hidden-fields-container\"><input type=\"hidden\" name=\"_wpcf7\" value=\"9\" \/><input type=\"hidden\" name=\"_wpcf7_version\" value=\"6.1.1\" \/><input type=\"hidden\" name=\"_wpcf7_locale\" value=\"ro_RO\" \/><input type=\"hidden\" name=\"_wpcf7_unit_tag\" value=\"wpcf7-f9-o1\" \/><input type=\"hidden\" name=\"_wpcf7_container_post\" value=\"0\" \/><input type=\"hidden\" name=\"_wpcf7_posted_data_hash\" value=\"\" \/>\n<\/fieldset>\n<p><label> <span class=\"wpcf7-form-control-wrap\" data-name=\"cnume\"><input size=\"40\" maxlength=\"400\" class=\"wpcf7-form-control wpcf7-text wpcf7-validates-as-required\" aria-required=\"true\" aria-invalid=\"false\" placeholder=\"Nume...\" value=\"\" type=\"text\" name=\"cnume\" \/><\/span> <\/label>\n<\/p>\n<p><label> <span class=\"wpcf7-form-control-wrap\" data-name=\"cemail\"><input size=\"40\" maxlength=\"400\" class=\"wpcf7-form-control wpcf7-email wpcf7-validates-as-required wpcf7-text wpcf7-validates-as-email\" aria-required=\"true\" aria-invalid=\"false\" placeholder=\"E-mail...\" value=\"\" type=\"email\" name=\"cemail\" \/><\/span> <\/label>\n<\/p>\n<p><label> <span class=\"wpcf7-form-control-wrap\" data-name=\"csubiect\"><input size=\"40\" maxlength=\"400\" class=\"wpcf7-form-control wpcf7-text wpcf7-validates-as-required\" aria-required=\"true\" aria-invalid=\"false\" placeholder=\"Subiect...\" value=\"\" type=\"text\" name=\"csubiect\" \/><\/span> <\/label>\n<\/p>\n<p><label> <span class=\"wpcf7-form-control-wrap\" data-name=\"cmesaj\"><textarea cols=\"40\" rows=\"10\" maxlength=\"2000\" class=\"wpcf7-form-control wpcf7-textarea\" aria-invalid=\"false\" placeholder=\"Mesajul, pe scurt...\" name=\"cmesaj\"><\/textarea><\/span> <\/label>\n<\/p>\n<div class=\"wpcf7-turnstile cf-turnstile\" data-sitekey=\"0x4AAAAAAB3e0nDE1UDH4ZjL\" data-response-field-name=\"_wpcf7_turnstile_response\"><\/div>\n<p><input class=\"wpcf7-form-control wpcf7-submit has-spinner\" type=\"submit\" value=\"Trimitere\" \/>\n<\/p><div class=\"wpcf7-response-output\" aria-hidden=\"true\"><\/div>\n<\/form>\n<\/div>\n<\/div>\n\t\t\t\t\t\t<\/div>\n\t\t\t\t\t<\/div>\n\t\t<\/div>\n\t\t\t\t<div class=\"elementor-column elementor-col-50 elementor-inner-column elementor-element elementor-element-b16fbb6\" data-id=\"b16fbb6\" data-element_type=\"column\" data-settings=\"{&quot;coursector_ext_hide_logged_in&quot;:&quot;false&quot;}\">\n\t\t\t<div class=\"elementor-widget-wrap elementor-element-populated\">\n\t\t\t\t\t\t<div class=\"elementor-element elementor-element-dba540d elementor-widget elementor-widget-google_maps\" data-id=\"dba540d\" data-element_type=\"widget\" data-settings=\"{&quot;coursector_ext_hide_logged_in&quot;:&quot;false&quot;}\" data-widget_type=\"google_maps.default\">\n\t\t\t\t\t\t\t<div class=\"elementor-custom-embed\">\n\t\t\t<iframe loading=\"lazy\"\n\t\t\t\t\tsrc=\"https:\/\/maps.google.com\/maps?q=colegiul%20pedagogic%20carol%201&#038;t=m&#038;z=16&#038;output=embed&#038;iwloc=near\"\n\t\t\t\t\ttitle=\"colegiul pedagogic carol 1\"\n\t\t\t\t\taria-label=\"colegiul pedagogic carol 1\"\n\t\t\t><\/iframe>\n\t\t<\/div>\n\t\t\t\t\t\t<\/div>\n\t\t\t\t\t<\/div>\n\t\t<\/div>\n\t\t\t\t\t<\/div>\n\t\t<\/section>\n\t\t\t\t\t<\/div>\n\t\t<\/div>\n\t\t\t\t\t<\/div>\n\t\t<\/section>\n\t\t\t\t<section class=\"elementor-section elementor-top-section elementor-element elementor-element-d57181a elementor-section-full_width elementor-section-stretched elementor-section-height-default elementor-section-height-default\" data-id=\"d57181a\" data-element_type=\"section\" data-settings=\"{&quot;stretch_section&quot;:&quot;section-stretched&quot;}\">\n\t\t\t\t\t\t<div class=\"elementor-container elementor-column-gap-default\">\n\t\t\t\t\t<div class=\"elementor-column elementor-col-100 elementor-top-column elementor-element elementor-element-ff0a977\" data-id=\"ff0a977\" data-element_type=\"column\" data-settings=\"{&quot;coursector_ext_hide_logged_in&quot;:&quot;false&quot;}\">\n\t\t\t<div class=\"elementor-widget-wrap elementor-element-populated\">\n\t\t\t\t\t\t<div class=\"elementor-element elementor-element-82a1c28 elementor-widget elementor-widget-image\" data-id=\"82a1c28\" data-element_type=\"widget\" data-settings=\"{&quot;coursector_ext_hide_logged_in&quot;:&quot;false&quot;}\" data-widget_type=\"image.default\">\n\t\t\t\t\t\t\t\t\t\t\t\t\t\t\t<img fetchpriority=\"high\" decoding=\"async\" width=\"765\" height=\"401\" src=\"https:\/\/scoala.mxi.ro\/wp-content\/uploads\/2025\/09\/dgusti.webp\" class=\"attachment-large size-large wp-image-3460\" alt=\"\" srcset=\"https:\/\/scoala.mxi.ro\/wp-content\/uploads\/2025\/09\/dgusti.webp 765w, https:\/\/scoala.mxi.ro\/wp-content\/uploads\/2025\/09\/dgusti-300x157.webp 300w, https:\/\/scoala.mxi.ro\/wp-content\/uploads\/2025\/09\/dgusti-440x231.webp 440w\" sizes=\"(max-width: 765px) 100vw, 765px\" \/>\t\t\t\t\t\t\t\t\t\t\t\t\t\t\t<\/div>\n\t\t\t\t<div class=\"elementor-element elementor-element-f5bdb9b elementor-widget__width-initial elementor-widget elementor-widget-heading\" data-id=\"f5bdb9b\" data-element_type=\"widget\" data-settings=\"{&quot;coursector_ext_hide_logged_in&quot;:&quot;false&quot;}\" data-widget_type=\"heading.default\">\n\t\t\t\t\t<h2 class=\"elementor-heading-title elementor-size-default\">,,Nu vom avea \u015fcoli bune s\u0103te\u015fti,<br> dec\u00e2t cu condi\u0163iunea de a avea mai \u00eent\u00e2i \u00eenv\u0103\u0163\u0103tori\u201d<\/h2>\t\t\t\t<\/div>\n\t\t\t\t<div class=\"elementor-element elementor-element-3f4a225 elementor-widget elementor-widget-text-editor\" data-id=\"3f4a225\" data-element_type=\"widget\" data-settings=\"{&quot;coursector_ext_hide_logged_in&quot;:&quot;false&quot;}\" data-widget_type=\"text-editor.default\">\n\t\t\t\t\t\t\t\t\t<p style=\"text-align: center;\"><em><span style=\"color: #999999;\">&#8211; Dimitrie Gusti, ministrul Instruc\u0163iunii Publice \u015fi al Cultelor in 1867<\/span><\/em><\/p>\t\t\t\t\t\t\t\t<\/div>\n\t\t\t\t\t<\/div>\n\t\t<\/div>\n\t\t\t\t\t<\/div>\n\t\t<\/section>\n\t\t\t\t<section class=\"elementor-section elementor-top-section elementor-element elementor-element-e355004 elementor-section-boxed elementor-section-height-default elementor-section-height-default\" data-id=\"e355004\" data-element_type=\"section\">\n\t\t\t\t\t\t<div class=\"elementor-container elementor-column-gap-default\">\n\t\t\t\t\t<div class=\"elementor-column elementor-col-100 elementor-top-column elementor-element elementor-element-612d0bd\" data-id=\"612d0bd\" data-element_type=\"column\" data-settings=\"{&quot;coursector_ext_hide_logged_in&quot;:&quot;false&quot;}\">\n\t\t\t<div class=\"elementor-widget-wrap elementor-element-populated\">\n\t\t\t\t\t\t<div class=\"elementor-element elementor-element-350ca56 elementor-widget-divider--view-line elementor-widget elementor-widget-divider\" data-id=\"350ca56\" data-element_type=\"widget\" data-settings=\"{&quot;coursector_ext_hide_logged_in&quot;:&quot;false&quot;}\" data-widget_type=\"divider.default\">\n\t\t\t\t\t\t\t<div class=\"elementor-divider\">\n\t\t\t<span class=\"elementor-divider-separator\">\n\t\t\t\t\t\t<\/span>\n\t\t<\/div>\n\t\t\t\t\t\t<\/div>\n\t\t\t\t\t<\/div>\n\t\t<\/div>\n\t\t\t\t\t<\/div>\n\t\t<\/section>\n\t\t<div class=\"elementor-element elementor-element-f51f6e6 e-flex e-con-boxed e-con e-parent\" data-id=\"f51f6e6\" data-element_type=\"container\">\n\t\t\t\t\t<div class=\"e-con-inner\">\n\t\t\t\t\t<\/div>\n\t\t\t\t<\/div>\n\t\t\t\t<\/div>\n\t\t","protected":false},"excerpt":{"rendered":"<p>Suntem aici pentru tine De la \u00eenscriere \u0219i p\u00e2n\u0103 la absolvire, aici g\u0103si\u021bi suport pentru fiecare pas! ,,Nu vom avea \u015fcoli bune s\u0103te\u015fti, dec\u00e2t cu condi\u0163iunea de a avea mai \u00eent\u00e2i \u00eenv\u0103\u0163\u0103tori\u201d &#8211; Dimitrie Gusti, ministrul Instruc\u0163iunii Publice \u015fi al [&hellip;]<\/p>\n","protected":false},"author":1,"featured_media":0,"parent":0,"menu_order":0,"comment_status":"closed","ping_status":"closed","template":"","meta":{"footnotes":""},"class_list":["post-2528","page","type-page","status-publish","hentry"],"_links":{"self":[{"href":"https:\/\/scoala.mxi.ro\/index.php\/wp-json\/wp\/v2\/pages\/2528","targetHints":{"allow":["GET"]}}],"collection":[{"href":"https:\/\/scoala.mxi.ro\/index.php\/wp-json\/wp\/v2\/pages"}],"about":[{"href":"https:\/\/scoala.mxi.ro\/index.php\/wp-json\/wp\/v2\/types\/page"}],"author":[{"embeddable":true,"href":"https:\/\/scoala.mxi.ro\/index.php\/wp-json\/wp\/v2\/users\/1"}],"replies":[{"embeddable":true,"href":"https:\/\/scoala.mxi.ro\/index.php\/wp-json\/wp\/v2\/comments?post=2528"}],"version-history":[{"count":25,"href":"https:\/\/scoala.mxi.ro\/index.php\/wp-json\/wp\/v2\/pages\/2528\/revisions"}],"predecessor-version":[{"id":3801,"href":"https:\/\/scoala.mxi.ro\/index.php\/wp-json\/wp\/v2\/pages\/2528\/revisions\/3801"}],"wp:attachment":[{"href":"https:\/\/scoala.mxi.ro\/index.php\/wp-json\/wp\/v2\/media?parent=2528"}],"curies":[{"name":"wp","href":"https:\/\/api.w.org\/{rel}","templated":true}]}}